{"id":79,"date":"2025-12-22T14:26:50","date_gmt":"2025-12-22T13:26:50","guid":{"rendered":"http:\/\/orasistemica.local\/?page_id=79"},"modified":"2026-04-22T15:36:46","modified_gmt":"2026-04-22T13:36:46","slug":"individuali","status":"publish","type":"page","link":"https:\/\/stage-orasistemica.bsdsoftware.it\/en\/individuali\/","title":{"rendered":"Individuali"},"content":{"rendered":"\n<div class=\"wp-block-group soluzioni\"><div class=\"wp-block-group__inner-container is-layout-constrained wp-block-group-is-layout-constrained\">\n<div class=\"wp-block-columns soluzioni-description is-layout-flex wp-container-core-columns-is-layout-9d6595d7 wp-block-columns-is-layout-flex\">\n<div class=\"wp-block-column is-layout-flow wp-block-column-is-layout-flow\" style=\"flex-basis:40%\">\n<h2>Incontri individuali e di coppia<\/h2>\n<\/div>\n\n\n\n<div class=\"wp-block-column is-layout-flow wp-block-column-is-layout-flow\">\n<p>Gli incontri individuali e di coppia sono uno spazio dedicato in cui fermarsi, osservare con chiarezza ci\u00f2 che accade nella propria vita e lavorare sulle dinamiche relazionali, emotive e familiari che influenzano il benessere personale. \u00c8 un percorso professionale costruito con attenzione autentica, rispetto e presenza, utile per affrontare blocchi, conflitti, indecisioni e situazioni che richiedono sostegno psicologico o una maggiore consapevolezza.\nCosa offriamo? Una prospettiva sistemica che permette di portare ordine, ritrovare equilibrio e attivare nuove risorse nella propria storia personale.<\/p>\n<p>In questo lavoro non guardiamo solo all\u2019individuo, ma anche ai legami che lo attraversano: la famiglia d\u2019origine, la relazione di coppia, le responsabilit\u00e0 quotidiane e i contesti in cui si muove. L\u2019approccio integra strumenti di coaching, costellazioni familiari individuali e sedute di psicologia, offrendo una prospettiva sistemica che permette di portare ordine, ritrovare equilibrio e attivare nuove risorse nella propria storia personale.<\/p>\n<\/div>\n<\/div>\n\n\n\n<div class=\"wp-block-columns soluzioni-block is-layout-flex wp-container-core-columns-is-layout-9d6595d7 wp-block-columns-is-layout-flex\">\n<div class=\"wp-block-column is-layout-flow wp-block-column-is-layout-flow\" style=\"flex-basis:66%\">\n<h3>Coaching<\/h3>\n\n\n\n<p>Percorsi di coaching individuale orientati alla chiarezza, alle scelte e alla direzione personale o professionale.<br>Il coaching aiuta a definire obiettivi concreti, sciogliere indecisioni e sviluppare risorse interne utili nella vita quotidiana. \u00c8 un accompagnamento pratico e focalizzato, ideale per chi desidera crescita personale, decisioni pi\u00f9 consapevoli e maggiore equilibrio nelle relazioni e nel lavoro.<\/p>\n\n\n\n<div class=\"buttons\">\n<a href=\"\/contatti\/?tipologia_richiesta=Richiesta%20di%20Sessione%20individuale%20o%20di%20coppia\">Prenota una sessione<\/a>\n<a href=\"\/granelli-di-sabbia\/individuali\/coaching-individuali\">Granelli di sabbia<\/a>\n<\/div>\n<\/div>\n\n\n\n<div class=\"wp-block-column is-layout-flow wp-block-column-is-layout-flow\" style=\"flex-basis:33%\">\n<figure class=\"wp-block-image size-full\"><img loading=\"lazy\" decoding=\"async\" width=\"960\" height=\"658\" src=\"https:\/\/stage-orasistemica.bsdsoftware.it\/wp-content\/uploads\/2026\/04\/individuali-coaching-img.webp\" alt=\"\" class=\"wp-image-438\" srcset=\"https:\/\/stage-orasistemica.bsdsoftware.it\/wp-content\/uploads\/2026\/04\/individuali-coaching-img.webp 960w, https:\/\/stage-orasistemica.bsdsoftware.it\/wp-content\/uploads\/2026\/04\/individuali-coaching-img-300x206.webp 300w, https:\/\/stage-orasistemica.bsdsoftware.it\/wp-content\/uploads\/2026\/04\/individuali-coaching-img-768x526.webp 768w\" sizes=\"auto, (max-width: 960px) 100vw, 960px\" \/><\/figure>\n<\/div>\n<\/div>\n\n\n\n<div class=\"wp-block-columns soluzioni-block is-layout-flex wp-container-core-columns-is-layout-9d6595d7 wp-block-columns-is-layout-flex\">\n<div class=\"wp-block-column is-layout-flow wp-block-column-is-layout-flow\" style=\"flex-basis:33%\">\n<figure class=\"wp-block-image size-full\"><img loading=\"lazy\" decoding=\"async\" width=\"960\" height=\"658\" src=\"https:\/\/stage-orasistemica.bsdsoftware.it\/wp-content\/uploads\/2026\/04\/individuali-costellazioni-img.webp\" alt=\"\" class=\"wp-image-441\" srcset=\"https:\/\/stage-orasistemica.bsdsoftware.it\/wp-content\/uploads\/2026\/04\/individuali-costellazioni-img.webp 960w, https:\/\/stage-orasistemica.bsdsoftware.it\/wp-content\/uploads\/2026\/04\/individuali-costellazioni-img-300x206.webp 300w, https:\/\/stage-orasistemica.bsdsoftware.it\/wp-content\/uploads\/2026\/04\/individuali-costellazioni-img-768x526.webp 768w\" sizes=\"auto, (max-width: 960px) 100vw, 960px\" \/><\/figure>\n<\/div>\n\n\n\n<div class=\"wp-block-column is-layout-flow wp-block-column-is-layout-flow\" style=\"flex-basis:66%\">\n<h3>Costellazioni familiari<\/h3>\n\n\n\n<p>Un percorso sistemico in seduta privata per esplorare dinamiche familiari, relazionali e transgenerazionali che influenzano il presente. Le costellazioni familiari individuali permettono di rendere visibile ci\u00f2 che spesso rimane nascosto e di comprendere i movimenti profondi che condizionano scelte, emozioni e relazioni.<br>\u00c8 un approccio delicato, rispettoso e trasformativo, che apre nuove possibilit\u00e0 di cambiamento e riconnessione con le proprie risorse.<\/p>\n\n\n\n<div class=\"buttons\">\n<a href=\"\/contatti\/?tipologia_richiesta=Richiesta%20di%20Sessione%20individuale%20o%20di%20coppia\">Prenota una sessione<\/a>\n<a href=\"\/granelli-di-sabbia\/individuali\/costellazioni-individuali\">Granelli di sabbia<\/a>\n<\/div>\n<\/div>\n<\/div>\n\n\n\n<div class=\"wp-block-columns soluzioni-block is-layout-flex wp-container-core-columns-is-layout-9d6595d7 wp-block-columns-is-layout-flex\">\n<div class=\"wp-block-column is-layout-flow wp-block-column-is-layout-flow\" style=\"flex-basis:66%\">\n<h3>Sedute di psicologia<\/h3>\n\n\n\n<p>Un percorso psicologico professionale dedicato al benessere emotivo e alla comprensione delle difficolt\u00e0 personali. Le sedute di psicologia sono utili per affrontare ansia, stress, momenti di crisi, difficolt\u00e0 relazionali e fasi di vita complesse.<br>Offrono uno spazio protetto e competente in cui esplorare ci\u00f2 che crea fatica o confusione e riorganizzarlo con maggiore chiarezza, supporto e continuit\u00e0.<\/p>\n\n\n\n<div class=\"buttons\">\n<a href=\"\/contatti\/?tipologia_richiesta=Richiesta%20di%20Sessione%20individuale%20o%20di%20coppia\">Prenota una sessione<\/a>\n<a href=\"\/granelli-di-sabbia\/individuali\/sedute-psicologia-individuali\">Granelli di sabbia<\/a>\n<\/div>\n<\/div>\n\n\n\n<div class=\"wp-block-column is-layout-flow wp-block-column-is-layout-flow\" style=\"flex-basis:33%\">\n<figure class=\"wp-block-image size-full\"><img loading=\"lazy\" decoding=\"async\" width=\"960\" height=\"658\" src=\"https:\/\/stage-orasistemica.bsdsoftware.it\/wp-content\/uploads\/2026\/04\/individuali-sedute-img.webp\" alt=\"\" class=\"wp-image-442\" srcset=\"https:\/\/stage-orasistemica.bsdsoftware.it\/wp-content\/uploads\/2026\/04\/individuali-sedute-img.webp 960w, https:\/\/stage-orasistemica.bsdsoftware.it\/wp-content\/uploads\/2026\/04\/individuali-sedute-img-300x206.webp 300w, https:\/\/stage-orasistemica.bsdsoftware.it\/wp-content\/uploads\/2026\/04\/individuali-sedute-img-768x526.webp 768w\" sizes=\"auto, (max-width: 960px) 100vw, 960px\" \/><\/figure>\n<\/div>\n<\/div>\n<\/div><\/div>\n","protected":false},"excerpt":{"rendered":"<p>Incontri individuali e di coppia Gli incontri individuali e di coppia sono uno spazio dedicato in cui fermarsi, osservare con chiarezza ci\u00f2 che accade nella propria vita e lavorare sulle dinamiche relazionali, emotive e familiari che influenzano il benessere personale. \u00c8 un percorso professionale costruito con attenzione autentica, rispetto e presenza, utile per affrontare blocchi, [&hellip;]<\/p>\n","protected":false},"author":1,"featured_media":0,"parent":0,"menu_order":0,"comment_status":"closed","ping_status":"closed","template":"","meta":{"_acf_changed":false,"footnotes":""},"class_list":["post-79","page","type-page","status-publish","hentry"],"acf":[],"yoast_head":"<!-- This site is optimized with the Yoast SEO plugin v27.4 - https:\/\/yoast.com\/product\/yoast-seo-wordpress\/ -->\n<title>Individuali - orasistemica<\/title>\n<meta name=\"robots\" content=\"noindex, follow, max-snippet:-1, max-image-preview:large, max-video-preview:-1\" \/>\n<meta property=\"og:locale\" content=\"en_US\" \/>\n<meta property=\"og:type\" content=\"article\" \/>\n<meta property=\"og:title\" content=\"Individuali - orasistemica\" \/>\n<meta property=\"og:description\" content=\"Incontri individuali e di coppia Gli incontri individuali e di coppia sono uno spazio dedicato in cui fermarsi, osservare con chiarezza ci\u00f2 che accade nella propria vita e lavorare sulle dinamiche relazionali, emotive e familiari che influenzano il benessere personale. \u00c8 un percorso professionale costruito con attenzione autentica, rispetto e presenza, utile per affrontare blocchi, [&hellip;]\" \/>\n<meta property=\"og:url\" content=\"https:\/\/stage-orasistemica.bsdsoftware.it\/en\/individuali\/\" \/>\n<meta property=\"og:site_name\" content=\"orasistemica\" \/>\n<meta property=\"article:modified_time\" content=\"2026-04-22T13:36:46+00:00\" \/>\n<meta property=\"og:image\" content=\"https:\/\/stage-orasistemica.bsdsoftware.it\/wp-content\/uploads\/2026\/04\/individuali-coaching-img.webp\" \/>\n<meta name=\"twitter:card\" content=\"summary_large_image\" \/>\n<meta name=\"twitter:label1\" content=\"Est. reading time\" \/>\n\t<meta name=\"twitter:data1\" content=\"3 minutes\" \/>\n<script type=\"application\/ld+json\" class=\"yoast-schema-graph\">{\"@context\":\"https:\\\/\\\/schema.org\",\"@graph\":[{\"@type\":\"WebPage\",\"@id\":\"https:\\\/\\\/stage-orasistemica.bsdsoftware.it\\\/en\\\/individuali\\\/\",\"url\":\"https:\\\/\\\/stage-orasistemica.bsdsoftware.it\\\/en\\\/individuali\\\/\",\"name\":\"Individuali - orasistemica\",\"isPartOf\":{\"@id\":\"https:\\\/\\\/stage-orasistemica.bsdsoftware.it\\\/en\\\/#website\"},\"primaryImageOfPage\":{\"@id\":\"https:\\\/\\\/stage-orasistemica.bsdsoftware.it\\\/en\\\/individuali\\\/#primaryimage\"},\"image\":{\"@id\":\"https:\\\/\\\/stage-orasistemica.bsdsoftware.it\\\/en\\\/individuali\\\/#primaryimage\"},\"thumbnailUrl\":\"https:\\\/\\\/stage-orasistemica.bsdsoftware.it\\\/wp-content\\\/uploads\\\/2026\\\/04\\\/individuali-coaching-img.webp\",\"datePublished\":\"2025-12-22T13:26:50+00:00\",\"dateModified\":\"2026-04-22T13:36:46+00:00\",\"breadcrumb\":{\"@id\":\"https:\\\/\\\/stage-orasistemica.bsdsoftware.it\\\/en\\\/individuali\\\/#breadcrumb\"},\"inLanguage\":\"en-US\",\"potentialAction\":[{\"@type\":\"ReadAction\",\"target\":[\"https:\\\/\\\/stage-orasistemica.bsdsoftware.it\\\/en\\\/individuali\\\/\"]}]},{\"@type\":\"ImageObject\",\"inLanguage\":\"en-US\",\"@id\":\"https:\\\/\\\/stage-orasistemica.bsdsoftware.it\\\/en\\\/individuali\\\/#primaryimage\",\"url\":\"https:\\\/\\\/stage-orasistemica.bsdsoftware.it\\\/wp-content\\\/uploads\\\/2026\\\/04\\\/individuali-coaching-img.webp\",\"contentUrl\":\"https:\\\/\\\/stage-orasistemica.bsdsoftware.it\\\/wp-content\\\/uploads\\\/2026\\\/04\\\/individuali-coaching-img.webp\"},{\"@type\":\"BreadcrumbList\",\"@id\":\"https:\\\/\\\/stage-orasistemica.bsdsoftware.it\\\/en\\\/individuali\\\/#breadcrumb\",\"itemListElement\":[{\"@type\":\"ListItem\",\"position\":1,\"name\":\"Home\",\"item\":\"https:\\\/\\\/stage-orasistemica.bsdsoftware.it\\\/en\\\/\"},{\"@type\":\"ListItem\",\"position\":2,\"name\":\"Individuali\"}]},{\"@type\":\"WebSite\",\"@id\":\"https:\\\/\\\/stage-orasistemica.bsdsoftware.it\\\/en\\\/#website\",\"url\":\"https:\\\/\\\/stage-orasistemica.bsdsoftware.it\\\/en\\\/\",\"name\":\"orasistemica\",\"description\":\"Tu sei la migliore edizione di te stesso\",\"publisher\":{\"@id\":\"https:\\\/\\\/stage-orasistemica.bsdsoftware.it\\\/en\\\/#organization\"},\"potentialAction\":[{\"@type\":\"SearchAction\",\"target\":{\"@type\":\"EntryPoint\",\"urlTemplate\":\"https:\\\/\\\/stage-orasistemica.bsdsoftware.it\\\/en\\\/?s={search_term_string}\"},\"query-input\":{\"@type\":\"PropertyValueSpecification\",\"valueRequired\":true,\"valueName\":\"search_term_string\"}}],\"inLanguage\":\"en-US\"},{\"@type\":\"Organization\",\"@id\":\"https:\\\/\\\/stage-orasistemica.bsdsoftware.it\\\/en\\\/#organization\",\"name\":\"orasistemica\",\"url\":\"https:\\\/\\\/stage-orasistemica.bsdsoftware.it\\\/en\\\/\",\"logo\":{\"@type\":\"ImageObject\",\"inLanguage\":\"en-US\",\"@id\":\"https:\\\/\\\/stage-orasistemica.bsdsoftware.it\\\/en\\\/#\\\/schema\\\/logo\\\/image\\\/\",\"url\":\"http:\\\/\\\/orasistemica.local\\\/wp-content\\\/uploads\\\/2025\\\/12\\\/Screenshot-2025-12-22-alle-09.41.42.png\",\"contentUrl\":\"http:\\\/\\\/orasistemica.local\\\/wp-content\\\/uploads\\\/2025\\\/12\\\/Screenshot-2025-12-22-alle-09.41.42.png\",\"width\":134,\"height\":90,\"caption\":\"orasistemica\"},\"image\":{\"@id\":\"https:\\\/\\\/stage-orasistemica.bsdsoftware.it\\\/en\\\/#\\\/schema\\\/logo\\\/image\\\/\"}}]}<\/script>\n<!-- \/ Yoast SEO plugin. -->","yoast_head_json":{"title":"Individuali - orasistemica","robots":{"index":"noindex","follow":"follow","max-snippet":"max-snippet:-1","max-image-preview":"max-image-preview:large","max-video-preview":"max-video-preview:-1"},"og_locale":"en_US","og_type":"article","og_title":"Individuali - orasistemica","og_description":"Incontri individuali e di coppia Gli incontri individuali e di coppia sono uno spazio dedicato in cui fermarsi, osservare con chiarezza ci\u00f2 che accade nella propria vita e lavorare sulle dinamiche relazionali, emotive e familiari che influenzano il benessere personale. \u00c8 un percorso professionale costruito con attenzione autentica, rispetto e presenza, utile per affrontare blocchi, [&hellip;]","og_url":"https:\/\/stage-orasistemica.bsdsoftware.it\/en\/individuali\/","og_site_name":"orasistemica","article_modified_time":"2026-04-22T13:36:46+00:00","og_image":[{"url":"https:\/\/stage-orasistemica.bsdsoftware.it\/wp-content\/uploads\/2026\/04\/individuali-coaching-img.webp","type":"","width":"","height":""}],"twitter_card":"summary_large_image","twitter_misc":{"Est. reading time":"3 minutes"},"schema":{"@context":"https:\/\/schema.org","@graph":[{"@type":"WebPage","@id":"https:\/\/stage-orasistemica.bsdsoftware.it\/en\/individuali\/","url":"https:\/\/stage-orasistemica.bsdsoftware.it\/en\/individuali\/","name":"Individuali - orasistemica","isPartOf":{"@id":"https:\/\/stage-orasistemica.bsdsoftware.it\/en\/#website"},"primaryImageOfPage":{"@id":"https:\/\/stage-orasistemica.bsdsoftware.it\/en\/individuali\/#primaryimage"},"image":{"@id":"https:\/\/stage-orasistemica.bsdsoftware.it\/en\/individuali\/#primaryimage"},"thumbnailUrl":"https:\/\/stage-orasistemica.bsdsoftware.it\/wp-content\/uploads\/2026\/04\/individuali-coaching-img.webp","datePublished":"2025-12-22T13:26:50+00:00","dateModified":"2026-04-22T13:36:46+00:00","breadcrumb":{"@id":"https:\/\/stage-orasistemica.bsdsoftware.it\/en\/individuali\/#breadcrumb"},"inLanguage":"en-US","potentialAction":[{"@type":"ReadAction","target":["https:\/\/stage-orasistemica.bsdsoftware.it\/en\/individuali\/"]}]},{"@type":"ImageObject","inLanguage":"en-US","@id":"https:\/\/stage-orasistemica.bsdsoftware.it\/en\/individuali\/#primaryimage","url":"https:\/\/stage-orasistemica.bsdsoftware.it\/wp-content\/uploads\/2026\/04\/individuali-coaching-img.webp","contentUrl":"https:\/\/stage-orasistemica.bsdsoftware.it\/wp-content\/uploads\/2026\/04\/individuali-coaching-img.webp"},{"@type":"BreadcrumbList","@id":"https:\/\/stage-orasistemica.bsdsoftware.it\/en\/individuali\/#breadcrumb","itemListElement":[{"@type":"ListItem","position":1,"name":"Home","item":"https:\/\/stage-orasistemica.bsdsoftware.it\/en\/"},{"@type":"ListItem","position":2,"name":"Individuali"}]},{"@type":"WebSite","@id":"https:\/\/stage-orasistemica.bsdsoftware.it\/en\/#website","url":"https:\/\/stage-orasistemica.bsdsoftware.it\/en\/","name":"orasistemica","description":"Tu sei la migliore edizione di te stesso","publisher":{"@id":"https:\/\/stage-orasistemica.bsdsoftware.it\/en\/#organization"},"potentialAction":[{"@type":"SearchAction","target":{"@type":"EntryPoint","urlTemplate":"https:\/\/stage-orasistemica.bsdsoftware.it\/en\/?s={search_term_string}"},"query-input":{"@type":"PropertyValueSpecification","valueRequired":true,"valueName":"search_term_string"}}],"inLanguage":"en-US"},{"@type":"Organization","@id":"https:\/\/stage-orasistemica.bsdsoftware.it\/en\/#organization","name":"orasistemica","url":"https:\/\/stage-orasistemica.bsdsoftware.it\/en\/","logo":{"@type":"ImageObject","inLanguage":"en-US","@id":"https:\/\/stage-orasistemica.bsdsoftware.it\/en\/#\/schema\/logo\/image\/","url":"http:\/\/orasistemica.local\/wp-content\/uploads\/2025\/12\/Screenshot-2025-12-22-alle-09.41.42.png","contentUrl":"http:\/\/orasistemica.local\/wp-content\/uploads\/2025\/12\/Screenshot-2025-12-22-alle-09.41.42.png","width":134,"height":90,"caption":"orasistemica"},"image":{"@id":"https:\/\/stage-orasistemica.bsdsoftware.it\/en\/#\/schema\/logo\/image\/"}}]}},"_links":{"self":[{"href":"https:\/\/stage-orasistemica.bsdsoftware.it\/en\/wp-json\/wp\/v2\/pages\/79","targetHints":{"allow":["GET"]}}],"collection":[{"href":"https:\/\/stage-orasistemica.bsdsoftware.it\/en\/wp-json\/wp\/v2\/pages"}],"about":[{"href":"https:\/\/stage-orasistemica.bsdsoftware.it\/en\/wp-json\/wp\/v2\/types\/page"}],"author":[{"embeddable":true,"href":"https:\/\/stage-orasistemica.bsdsoftware.it\/en\/wp-json\/wp\/v2\/users\/1"}],"replies":[{"embeddable":true,"href":"https:\/\/stage-orasistemica.bsdsoftware.it\/en\/wp-json\/wp\/v2\/comments?post=79"}],"version-history":[{"count":11,"href":"https:\/\/stage-orasistemica.bsdsoftware.it\/en\/wp-json\/wp\/v2\/pages\/79\/revisions"}],"predecessor-version":[{"id":530,"href":"https:\/\/stage-orasistemica.bsdsoftware.it\/en\/wp-json\/wp\/v2\/pages\/79\/revisions\/530"}],"wp:attachment":[{"href":"https:\/\/stage-orasistemica.bsdsoftware.it\/en\/wp-json\/wp\/v2\/media?parent=79"}],"curies":[{"name":"wp","href":"https:\/\/api.w.org\/{rel}","templated":true}]}}