{"id":51,"date":"2025-12-22T12:09:41","date_gmt":"2025-12-22T11:09:41","guid":{"rendered":"http:\/\/orasistemica.local\/?page_id=51"},"modified":"2026-05-13T10:18:31","modified_gmt":"2026-05-13T08:18:31","slug":"aziende","status":"publish","type":"page","link":"https:\/\/stage-orasistemica.bsdsoftware.it\/en\/aziende\/","title":{"rendered":"Aziende"},"content":{"rendered":"\n<div class=\"wp-block-group soluzioni\"><div class=\"wp-block-group__inner-container is-layout-constrained wp-block-group-is-layout-constrained\">\n<div class=\"wp-block-columns soluzioni-description is-layout-flex wp-container-core-columns-is-layout-9d6595d7 wp-block-columns-is-layout-flex\">\n<div class=\"wp-block-column is-layout-flow wp-block-column-is-layout-flow\" style=\"flex-basis:40%\">\n<h2>Spazi per Aziende e Liberi Professionisti<\/h2>\n<\/div>\n\n\n\n<div class=\"wp-block-column is-layout-flow wp-block-column-is-layout-flow\">\n<p><p>Gli interventi dedicati alle aziende e ai liberi professionisti sono pensati per portare chiarezza, collaborazione e allineamento all\u2019interno dei team e dei processi decisionali.\nLavoriamo su dinamiche organizzative, relazioni interne, ruoli e responsabilit\u00e0, utilizzando strumenti di coaching aziendale, costellazioni sistemiche e itinerari strutturati per lo sviluppo professionale.<\/p>\n<p>\u00c8 un approccio pragmatico e umano allo stesso tempo, utile per migliorare comunicazione, leadership, benessere sul lavoro e gestione dei conflitti.<\/p><\/p>\n<\/div>\n<\/div>\n\n\n\n<div class=\"wp-block-columns soluzioni-block is-layout-flex wp-container-core-columns-is-layout-9d6595d7 wp-block-columns-is-layout-flex\">\n<div class=\"wp-block-column is-layout-flow wp-block-column-is-layout-flow\" style=\"flex-basis:66%\">\n<h3>Coaching aziendale<\/h3>\n\n\n\n<p>Percorsi di coaching aziendale orientati alla chiarezza, alla leadership e allo sviluppo professionale. Il coaching supporta manager, team e liberi professionisti nel prendere decisioni pi\u00f9 consapevoli, migliorare la comunicazione, gestire complessit\u00e0 e definire obiettivi strategici.<br>\u00c8 un intervento concreto e misurabile che favorisce efficacia, responsabilit\u00e0 e una cultura organizzativa pi\u00f9 collaborativa.<\/p>\n\n\n\n<div class=\"buttons\">\n<a href=\"\/contatti\/?tipologia_richiesta=Iscrizione%2FPartecipazione%20Aziende\">Prenota una sessione<\/a>\n<a href=\"\/granelli-di-sabbia\/aziende\/coaching-aziende\">Granelli di sabbia<\/a>\n<\/div>\n<\/div>\n\n\n\n<div class=\"wp-block-column is-layout-flow wp-block-column-is-layout-flow\" style=\"flex-basis:33%\">\n<figure class=\"wp-block-image size-full\"><img loading=\"lazy\" decoding=\"async\" width=\"960\" height=\"658\" src=\"https:\/\/stage-orasistemica.bsdsoftware.it\/wp-content\/uploads\/2026\/04\/aziende-coaching-img.webp\" alt=\"\" class=\"wp-image-418\" srcset=\"https:\/\/stage-orasistemica.bsdsoftware.it\/wp-content\/uploads\/2026\/04\/aziende-coaching-img.webp 960w, https:\/\/stage-orasistemica.bsdsoftware.it\/wp-content\/uploads\/2026\/04\/aziende-coaching-img-300x206.webp 300w, https:\/\/stage-orasistemica.bsdsoftware.it\/wp-content\/uploads\/2026\/04\/aziende-coaching-img-768x526.webp 768w\" sizes=\"auto, (max-width: 960px) 100vw, 960px\" \/><\/figure>\n<\/div>\n<\/div>\n\n\n\n<div class=\"wp-block-columns soluzioni-block is-layout-flex wp-container-core-columns-is-layout-9d6595d7 wp-block-columns-is-layout-flex\">\n<div class=\"wp-block-column is-layout-flow wp-block-column-is-layout-flow\" style=\"flex-basis:33%\">\n<figure class=\"wp-block-image size-full\"><img loading=\"lazy\" decoding=\"async\" width=\"960\" height=\"658\" src=\"https:\/\/stage-orasistemica.bsdsoftware.it\/wp-content\/uploads\/2026\/04\/aziende-costellazioni-img.webp\" alt=\"\" class=\"wp-image-421\" srcset=\"https:\/\/stage-orasistemica.bsdsoftware.it\/wp-content\/uploads\/2026\/04\/aziende-costellazioni-img.webp 960w, https:\/\/stage-orasistemica.bsdsoftware.it\/wp-content\/uploads\/2026\/04\/aziende-costellazioni-img-300x206.webp 300w, https:\/\/stage-orasistemica.bsdsoftware.it\/wp-content\/uploads\/2026\/04\/aziende-costellazioni-img-768x526.webp 768w\" sizes=\"auto, (max-width: 960px) 100vw, 960px\" \/><\/figure>\n<\/div>\n\n\n\n<div class=\"wp-block-column is-layout-flow wp-block-column-is-layout-flow\" style=\"flex-basis:66%\">\n<h3>Costellazioni aziendali<\/h3>\n\n\n\n<p>Le costellazioni aziendali sono uno strumento sistemico avanzato per esplorare le dinamiche nascoste che influenzano team, progetti e organizzazioni. Permettono di rendere visibili ruoli, conflitti, blocchi operativi e movimenti che condizionano la performance collettiva.<br>\u00c8 un metodo potente, rispettoso e profondamente pratico, ideale per migliorare la collaborazione, chiarire responsabilit\u00e0, facilitare il cambiamento e rafforzare la leadership.<\/p>\n\n\n\n<div class=\"buttons\">\n<a href=\"\/contatti\/?tipologia_richiesta=Iscrizione%2FPartecipazione%20Aziende\">Prenota una sessione<\/a>\n<a href=\"\/granelli-di-sabbia\/aziende\/costellazioni-aziende\">Granelli di sabbia<\/a>\n<\/div>\n<\/div>\n<\/div>\n\n\n\n<div class=\"wp-block-columns soluzioni-block is-layout-flex wp-container-core-columns-is-layout-9d6595d7 wp-block-columns-is-layout-flex\">\n<div class=\"wp-block-column is-layout-flow wp-block-column-is-layout-flow\" style=\"flex-basis:66%\">\n<h3>Itinerari aziendali<\/h3>\n\n\n\n<p>Percorsi strutturati dedicati alle aziende che desiderano sviluppare competenze relazionali, consapevolezza sistemica e benessere interno. Gli itinerari aziendali combinano formazione esperienziale, coaching e lavoro sistemico per sostenere team e professionisti nei passaggi complessi, nei cambiamenti organizzativi o nei momenti di crescita.<br>Sono programmi personalizzabili, pensati per creare organizzazioni pi\u00f9 chiare, coese ed efficaci.<\/p>\n\n\n\n<div class=\"buttons\">\n<a href=\"\/contatti\/?tipologia_richiesta=Iscrizione%2FPartecipazione%20Aziende\">Prenota una sessione<\/a>\n<a href=\"\/granelli-di-sabbia\/aziende\/itinerari-aziende\">Granelli di sabbia<\/a>\n<\/div>\n<\/div>\n\n\n\n<div class=\"wp-block-column is-layout-flow wp-block-column-is-layout-flow\" style=\"flex-basis:33%\">\n<figure class=\"wp-block-image size-full\"><img loading=\"lazy\" decoding=\"async\" width=\"960\" height=\"658\" src=\"https:\/\/stage-orasistemica.bsdsoftware.it\/wp-content\/uploads\/2026\/04\/aziende-itinerari-img.webp\" alt=\"\" class=\"wp-image-424\" srcset=\"https:\/\/stage-orasistemica.bsdsoftware.it\/wp-content\/uploads\/2026\/04\/aziende-itinerari-img.webp 960w, https:\/\/stage-orasistemica.bsdsoftware.it\/wp-content\/uploads\/2026\/04\/aziende-itinerari-img-300x206.webp 300w, https:\/\/stage-orasistemica.bsdsoftware.it\/wp-content\/uploads\/2026\/04\/aziende-itinerari-img-768x526.webp 768w\" sizes=\"auto, (max-width: 960px) 100vw, 960px\" \/><\/figure>\n<\/div>\n<\/div>\n<\/div><\/div>\n\n\n\n<p><\/p>\n","protected":false},"excerpt":{"rendered":"<p>Spazi per Aziende e Liberi Professionisti Gli interventi dedicati alle aziende e ai liberi professionisti sono pensati per portare chiarezza, collaborazione e allineamento all\u2019interno dei team e dei processi decisionali. Lavoriamo su dinamiche organizzative, relazioni interne, ruoli e responsabilit\u00e0, utilizzando strumenti di coaching aziendale, costellazioni sistemiche e itinerari strutturati per lo sviluppo professionale. \u00c8 un [&hellip;]<\/p>\n","protected":false},"author":1,"featured_media":0,"parent":0,"menu_order":0,"comment_status":"closed","ping_status":"closed","template":"","meta":{"_acf_changed":false,"footnotes":""},"class_list":["post-51","page","type-page","status-publish","hentry"],"acf":[],"yoast_head":"<!-- This site is optimized with the Yoast SEO plugin v27.4 - https:\/\/yoast.com\/product\/yoast-seo-wordpress\/ -->\n<title>Aziende - orasistemica<\/title>\n<meta name=\"robots\" content=\"noindex, follow, max-snippet:-1, max-image-preview:large, max-video-preview:-1\" \/>\n<meta property=\"og:locale\" content=\"en_US\" \/>\n<meta property=\"og:type\" content=\"article\" \/>\n<meta property=\"og:title\" content=\"Aziende - orasistemica\" \/>\n<meta property=\"og:description\" content=\"Spazi per Aziende e Liberi Professionisti Gli interventi dedicati alle aziende e ai liberi professionisti sono pensati per portare chiarezza, collaborazione e allineamento all\u2019interno dei team e dei processi decisionali. Lavoriamo su dinamiche organizzative, relazioni interne, ruoli e responsabilit\u00e0, utilizzando strumenti di coaching aziendale, costellazioni sistemiche e itinerari strutturati per lo sviluppo professionale. \u00c8 un [&hellip;]\" \/>\n<meta property=\"og:url\" content=\"https:\/\/stage-orasistemica.bsdsoftware.it\/en\/aziende\/\" \/>\n<meta property=\"og:site_name\" content=\"orasistemica\" \/>\n<meta property=\"article:modified_time\" content=\"2026-05-13T08:18:31+00:00\" \/>\n<meta property=\"og:image\" content=\"https:\/\/stage-orasistemica.bsdsoftware.it\/wp-content\/uploads\/2026\/04\/aziende-coaching-img.webp\" \/>\n<meta name=\"twitter:card\" content=\"summary_large_image\" \/>\n<meta name=\"twitter:label1\" content=\"Est. reading time\" \/>\n\t<meta name=\"twitter:data1\" content=\"2 minutes\" \/>\n<script type=\"application\/ld+json\" class=\"yoast-schema-graph\">{\"@context\":\"https:\\\/\\\/schema.org\",\"@graph\":[{\"@type\":\"WebPage\",\"@id\":\"https:\\\/\\\/stage-orasistemica.bsdsoftware.it\\\/en\\\/aziende\\\/\",\"url\":\"https:\\\/\\\/stage-orasistemica.bsdsoftware.it\\\/en\\\/aziende\\\/\",\"name\":\"Aziende - orasistemica\",\"isPartOf\":{\"@id\":\"https:\\\/\\\/stage-orasistemica.bsdsoftware.it\\\/en\\\/#website\"},\"primaryImageOfPage\":{\"@id\":\"https:\\\/\\\/stage-orasistemica.bsdsoftware.it\\\/en\\\/aziende\\\/#primaryimage\"},\"image\":{\"@id\":\"https:\\\/\\\/stage-orasistemica.bsdsoftware.it\\\/en\\\/aziende\\\/#primaryimage\"},\"thumbnailUrl\":\"https:\\\/\\\/stage-orasistemica.bsdsoftware.it\\\/wp-content\\\/uploads\\\/2026\\\/04\\\/aziende-coaching-img.webp\",\"datePublished\":\"2025-12-22T11:09:41+00:00\",\"dateModified\":\"2026-05-13T08:18:31+00:00\",\"breadcrumb\":{\"@id\":\"https:\\\/\\\/stage-orasistemica.bsdsoftware.it\\\/en\\\/aziende\\\/#breadcrumb\"},\"inLanguage\":\"en-US\",\"potentialAction\":[{\"@type\":\"ReadAction\",\"target\":[\"https:\\\/\\\/stage-orasistemica.bsdsoftware.it\\\/en\\\/aziende\\\/\"]}]},{\"@type\":\"ImageObject\",\"inLanguage\":\"en-US\",\"@id\":\"https:\\\/\\\/stage-orasistemica.bsdsoftware.it\\\/en\\\/aziende\\\/#primaryimage\",\"url\":\"https:\\\/\\\/stage-orasistemica.bsdsoftware.it\\\/wp-content\\\/uploads\\\/2026\\\/04\\\/aziende-coaching-img.webp\",\"contentUrl\":\"https:\\\/\\\/stage-orasistemica.bsdsoftware.it\\\/wp-content\\\/uploads\\\/2026\\\/04\\\/aziende-coaching-img.webp\"},{\"@type\":\"BreadcrumbList\",\"@id\":\"https:\\\/\\\/stage-orasistemica.bsdsoftware.it\\\/en\\\/aziende\\\/#breadcrumb\",\"itemListElement\":[{\"@type\":\"ListItem\",\"position\":1,\"name\":\"Home\",\"item\":\"https:\\\/\\\/stage-orasistemica.bsdsoftware.it\\\/en\\\/\"},{\"@type\":\"ListItem\",\"position\":2,\"name\":\"Aziende\"}]},{\"@type\":\"WebSite\",\"@id\":\"https:\\\/\\\/stage-orasistemica.bsdsoftware.it\\\/en\\\/#website\",\"url\":\"https:\\\/\\\/stage-orasistemica.bsdsoftware.it\\\/en\\\/\",\"name\":\"orasistemica\",\"description\":\"Tu sei la migliore edizione di te stesso\",\"publisher\":{\"@id\":\"https:\\\/\\\/stage-orasistemica.bsdsoftware.it\\\/en\\\/#organization\"},\"potentialAction\":[{\"@type\":\"SearchAction\",\"target\":{\"@type\":\"EntryPoint\",\"urlTemplate\":\"https:\\\/\\\/stage-orasistemica.bsdsoftware.it\\\/en\\\/?s={search_term_string}\"},\"query-input\":{\"@type\":\"PropertyValueSpecification\",\"valueRequired\":true,\"valueName\":\"search_term_string\"}}],\"inLanguage\":\"en-US\"},{\"@type\":\"Organization\",\"@id\":\"https:\\\/\\\/stage-orasistemica.bsdsoftware.it\\\/en\\\/#organization\",\"name\":\"orasistemica\",\"url\":\"https:\\\/\\\/stage-orasistemica.bsdsoftware.it\\\/en\\\/\",\"logo\":{\"@type\":\"ImageObject\",\"inLanguage\":\"en-US\",\"@id\":\"https:\\\/\\\/stage-orasistemica.bsdsoftware.it\\\/en\\\/#\\\/schema\\\/logo\\\/image\\\/\",\"url\":\"http:\\\/\\\/orasistemica.local\\\/wp-content\\\/uploads\\\/2025\\\/12\\\/Screenshot-2025-12-22-alle-09.41.42.png\",\"contentUrl\":\"http:\\\/\\\/orasistemica.local\\\/wp-content\\\/uploads\\\/2025\\\/12\\\/Screenshot-2025-12-22-alle-09.41.42.png\",\"width\":134,\"height\":90,\"caption\":\"orasistemica\"},\"image\":{\"@id\":\"https:\\\/\\\/stage-orasistemica.bsdsoftware.it\\\/en\\\/#\\\/schema\\\/logo\\\/image\\\/\"}}]}<\/script>\n<!-- \/ Yoast SEO plugin. -->","yoast_head_json":{"title":"Aziende - orasistemica","robots":{"index":"noindex","follow":"follow","max-snippet":"max-snippet:-1","max-image-preview":"max-image-preview:large","max-video-preview":"max-video-preview:-1"},"og_locale":"en_US","og_type":"article","og_title":"Aziende - orasistemica","og_description":"Spazi per Aziende e Liberi Professionisti Gli interventi dedicati alle aziende e ai liberi professionisti sono pensati per portare chiarezza, collaborazione e allineamento all\u2019interno dei team e dei processi decisionali. Lavoriamo su dinamiche organizzative, relazioni interne, ruoli e responsabilit\u00e0, utilizzando strumenti di coaching aziendale, costellazioni sistemiche e itinerari strutturati per lo sviluppo professionale. \u00c8 un [&hellip;]","og_url":"https:\/\/stage-orasistemica.bsdsoftware.it\/en\/aziende\/","og_site_name":"orasistemica","article_modified_time":"2026-05-13T08:18:31+00:00","og_image":[{"url":"https:\/\/stage-orasistemica.bsdsoftware.it\/wp-content\/uploads\/2026\/04\/aziende-coaching-img.webp","type":"","width":"","height":""}],"twitter_card":"summary_large_image","twitter_misc":{"Est. reading time":"2 minutes"},"schema":{"@context":"https:\/\/schema.org","@graph":[{"@type":"WebPage","@id":"https:\/\/stage-orasistemica.bsdsoftware.it\/en\/aziende\/","url":"https:\/\/stage-orasistemica.bsdsoftware.it\/en\/aziende\/","name":"Aziende - orasistemica","isPartOf":{"@id":"https:\/\/stage-orasistemica.bsdsoftware.it\/en\/#website"},"primaryImageOfPage":{"@id":"https:\/\/stage-orasistemica.bsdsoftware.it\/en\/aziende\/#primaryimage"},"image":{"@id":"https:\/\/stage-orasistemica.bsdsoftware.it\/en\/aziende\/#primaryimage"},"thumbnailUrl":"https:\/\/stage-orasistemica.bsdsoftware.it\/wp-content\/uploads\/2026\/04\/aziende-coaching-img.webp","datePublished":"2025-12-22T11:09:41+00:00","dateModified":"2026-05-13T08:18:31+00:00","breadcrumb":{"@id":"https:\/\/stage-orasistemica.bsdsoftware.it\/en\/aziende\/#breadcrumb"},"inLanguage":"en-US","potentialAction":[{"@type":"ReadAction","target":["https:\/\/stage-orasistemica.bsdsoftware.it\/en\/aziende\/"]}]},{"@type":"ImageObject","inLanguage":"en-US","@id":"https:\/\/stage-orasistemica.bsdsoftware.it\/en\/aziende\/#primaryimage","url":"https:\/\/stage-orasistemica.bsdsoftware.it\/wp-content\/uploads\/2026\/04\/aziende-coaching-img.webp","contentUrl":"https:\/\/stage-orasistemica.bsdsoftware.it\/wp-content\/uploads\/2026\/04\/aziende-coaching-img.webp"},{"@type":"BreadcrumbList","@id":"https:\/\/stage-orasistemica.bsdsoftware.it\/en\/aziende\/#breadcrumb","itemListElement":[{"@type":"ListItem","position":1,"name":"Home","item":"https:\/\/stage-orasistemica.bsdsoftware.it\/en\/"},{"@type":"ListItem","position":2,"name":"Aziende"}]},{"@type":"WebSite","@id":"https:\/\/stage-orasistemica.bsdsoftware.it\/en\/#website","url":"https:\/\/stage-orasistemica.bsdsoftware.it\/en\/","name":"orasistemica","description":"Tu sei la migliore edizione di te stesso","publisher":{"@id":"https:\/\/stage-orasistemica.bsdsoftware.it\/en\/#organization"},"potentialAction":[{"@type":"SearchAction","target":{"@type":"EntryPoint","urlTemplate":"https:\/\/stage-orasistemica.bsdsoftware.it\/en\/?s={search_term_string}"},"query-input":{"@type":"PropertyValueSpecification","valueRequired":true,"valueName":"search_term_string"}}],"inLanguage":"en-US"},{"@type":"Organization","@id":"https:\/\/stage-orasistemica.bsdsoftware.it\/en\/#organization","name":"orasistemica","url":"https:\/\/stage-orasistemica.bsdsoftware.it\/en\/","logo":{"@type":"ImageObject","inLanguage":"en-US","@id":"https:\/\/stage-orasistemica.bsdsoftware.it\/en\/#\/schema\/logo\/image\/","url":"http:\/\/orasistemica.local\/wp-content\/uploads\/2025\/12\/Screenshot-2025-12-22-alle-09.41.42.png","contentUrl":"http:\/\/orasistemica.local\/wp-content\/uploads\/2025\/12\/Screenshot-2025-12-22-alle-09.41.42.png","width":134,"height":90,"caption":"orasistemica"},"image":{"@id":"https:\/\/stage-orasistemica.bsdsoftware.it\/en\/#\/schema\/logo\/image\/"}}]}},"_links":{"self":[{"href":"https:\/\/stage-orasistemica.bsdsoftware.it\/en\/wp-json\/wp\/v2\/pages\/51","targetHints":{"allow":["GET"]}}],"collection":[{"href":"https:\/\/stage-orasistemica.bsdsoftware.it\/en\/wp-json\/wp\/v2\/pages"}],"about":[{"href":"https:\/\/stage-orasistemica.bsdsoftware.it\/en\/wp-json\/wp\/v2\/types\/page"}],"author":[{"embeddable":true,"href":"https:\/\/stage-orasistemica.bsdsoftware.it\/en\/wp-json\/wp\/v2\/users\/1"}],"replies":[{"embeddable":true,"href":"https:\/\/stage-orasistemica.bsdsoftware.it\/en\/wp-json\/wp\/v2\/comments?post=51"}],"version-history":[{"count":19,"href":"https:\/\/stage-orasistemica.bsdsoftware.it\/en\/wp-json\/wp\/v2\/pages\/51\/revisions"}],"predecessor-version":[{"id":592,"href":"https:\/\/stage-orasistemica.bsdsoftware.it\/en\/wp-json\/wp\/v2\/pages\/51\/revisions\/592"}],"wp:attachment":[{"href":"https:\/\/stage-orasistemica.bsdsoftware.it\/en\/wp-json\/wp\/v2\/media?parent=51"}],"curies":[{"name":"wp","href":"https:\/\/api.w.org\/{rel}","templated":true}]}}